{"id":1815,"date":"2022-03-09T17:07:21","date_gmt":"2022-03-09T16:07:21","guid":{"rendered":"http:\/\/botanicnivrt.um.si\/?page_id=1815"},"modified":"2025-03-28T14:17:13","modified_gmt":"2025-03-28T13:17:13","slug":"forschung-und-projekte","status":"publish","type":"page","link":"http:\/\/botanicnivrt.um.si\/?page_id=1815","title":{"rendered":"Forschung und Projekte"},"content":{"rendered":"\t\t<div data-elementor-type=\"wp-page\" data-elementor-id=\"1815\" class=\"elementor elementor-1815\" data-elementor-settings=\"[]\">\n\t\t\t\t\t\t<div class=\"elementor-inner\">\n\t\t\t\t\t\t\t<div class=\"elementor-section-wrap\">\n\t\t\t\t\t\t\t<section class=\"elementor-section elementor-top-section elementor-element elementor-element-484d583 elementor-section-boxed elementor-section-height-default elementor-section-height-default\" data-id=\"484d583\" data-element_type=\"section\">\n\t\t\t\t\t\t<div class=\"elementor-container elementor-column-gap-default\">\n\t\t\t\t\t\t\t<div class=\"elementor-row\">\n\t\t\t\t\t<div class=\"elementor-column elementor-col-100 elementor-top-column elementor-element elementor-element-439a27b\" data-id=\"439a27b\" data-element_type=\"column\">\n\t\t\t<div class=\"elementor-column-wrap elementor-element-populated\">\n\t\t\t\t\t\t\t<div class=\"elementor-widget-wrap\">\n\t\t\t\t\t\t<div class=\"elementor-element elementor-element-7f26c4e elementor-widget elementor-widget-heading\" data-id=\"7f26c4e\" data-element_type=\"widget\" data-widget_type=\"heading.default\">\n\t\t\t\t<div class=\"elementor-widget-container\">\n\t\t\t<h1 class=\"elementor-heading-title elementor-size-default\">Forschung und Projekte<\/h1>\t\t<\/div>\n\t\t\t\t<\/div>\n\t\t\t\t\t\t<\/div>\n\t\t\t\t\t<\/div>\n\t\t<\/div>\n\t\t\t\t\t\t\t\t<\/div>\n\t\t\t\t\t<\/div>\n\t\t<\/section>\n\t\t\t\t<section class=\"elementor-section elementor-top-section elementor-element elementor-element-378269f6 elementor-section-boxed elementor-section-height-default elementor-section-height-default\" data-id=\"378269f6\" data-element_type=\"section\">\n\t\t\t\t\t\t<div class=\"elementor-container elementor-column-gap-default\">\n\t\t\t\t\t\t\t<div class=\"elementor-row\">\n\t\t\t\t\t<div class=\"elementor-column elementor-col-100 elementor-top-column elementor-element elementor-element-2e23f837\" data-id=\"2e23f837\" data-element_type=\"column\">\n\t\t\t<div class=\"elementor-column-wrap elementor-element-populated\">\n\t\t\t\t\t\t\t<div class=\"elementor-widget-wrap\">\n\t\t\t\t\t\t<div class=\"elementor-element elementor-element-6afb2aca elementor-widget elementor-widget-heading\" data-id=\"6afb2aca\" data-element_type=\"widget\" data-widget_type=\"heading.default\">\n\t\t\t\t<div class=\"elementor-widget-container\">\n\t\t\t<h2 class=\"elementor-heading-title elementor-size-default\">Index Seminum<\/h2>\t\t<\/div>\n\t\t\t\t<\/div>\n\t\t\t\t<div class=\"elementor-element elementor-element-421d8d6f elementor-widget elementor-widget-text-editor\" data-id=\"421d8d6f\" data-element_type=\"widget\" data-widget_type=\"text-editor.default\">\n\t\t\t\t<div class=\"elementor-widget-container\">\n\t\t\t\t\t\t\t\t<div class=\"elementor-text-editor elementor-clearfix\">\n\t\t\t\t<p>Index seminum ist ein Katalog &#8211; ein Verzeichnis des gesammelten, gesicherten Saatguts, das ein botanischer Garten oder eine andere wissenschaftliche Forschungseinrichtung in einer Saatgutbank aufbewahrt. Der Begriff stammt aus dem Lateinischen und bedeutet w\u00f6rtlich \u00fcbersetzt &#8220;Samenliste&#8221;.<\/p><p>Die Anf\u00e4nge der systematischen Inventarisierung von Saatgut in botanischen G\u00e4rten gehen auf das Jahr 1682 zur\u00fcck. In jenem Jahr erstellte Dr. Paul Hermann, Mitarbeiter des Botanischen Gartens der Universit\u00e4t Leiden (Niederlande), als erster eine vollst\u00e4ndige Liste, einen Katalog, der Pflanzenarten, deren Samen er im Botanischen Garten aufbewahrte und die f\u00fcr den Austausch mit anderen Institutionen, den Botanischen G\u00e4rten, bestimmt waren.<\/p><p>Das Index Seminum, das viele Botanische G\u00e4rten auf ihren Websites ver\u00f6ffentlichen, erm\u00f6glicht es, sich \u00fcber den Standort und die Menge des gew\u00fcnschten Pflanzenmaterials zu informieren und es leichter zu beschaffen oder zu bestellen.\u00a0Das Index Seminum erm\u00f6glicht die nachhaltige Erhaltung, die didaktische Demonstration und den Austausch von Pflanzenmaterial, was auch die Hauptaufgabe der botanischen G\u00e4rten ist.<\/p><p><a href=\"http:\/\/botanicnivrt.um.si\/?page_id=492\">Index Seminum 2020<\/a><\/p><p><a href=\"http:\/\/botanicnivrt.um.si\/wp-content\/uploads\/2022\/05\/INDEX-SEMINUM-2021.pdf\">INDEX SEMINUM 2021<\/a><\/p><p><a href=\"http:\/\/botanicnivrt.um.si\/wp-content\/uploads\/2023\/11\/INDEX-SEMINUM-2022.pdf\">INDEX SEMINUM 2022<\/a><\/p><p><a href=\"http:\/\/botanicnivrt.um.si\/wp-content\/uploads\/2025\/03\/INDEX-SEMINUM-2024_fin.pdf\">INDEX SEMINUM 2024_fin<\/a><\/p>\t\t\t\t\t<\/div>\n\t\t\t\t\t\t<\/div>\n\t\t\t\t<\/div>\n\t\t\t\t<div class=\"elementor-element elementor-element-24e2f19c elementor-widget elementor-widget-gallery\" data-id=\"24e2f19c\" data-element_type=\"widget\" data-settings=\"{&quot;aspect_ratio&quot;:&quot;4:3&quot;,&quot;columns&quot;:5,&quot;lazyload&quot;:&quot;yes&quot;,&quot;gallery_layout&quot;:&quot;grid&quot;,&quot;columns_tablet&quot;:2,&quot;columns_mobile&quot;:1,&quot;gap&quot;:{&quot;unit&quot;:&quot;px&quot;,&quot;size&quot;:10,&quot;sizes&quot;:[]},&quot;gap_tablet&quot;:{&quot;unit&quot;:&quot;px&quot;,&quot;size&quot;:10,&quot;sizes&quot;:[]},&quot;gap_mobile&quot;:{&quot;unit&quot;:&quot;px&quot;,&quot;size&quot;:10,&quot;sizes&quot;:[]},&quot;link_to&quot;:&quot;file&quot;,&quot;overlay_background&quot;:&quot;yes&quot;,&quot;content_hover_animation&quot;:&quot;fade-in&quot;}\" data-widget_type=\"gallery.default\">\n\t\t\t\t<div class=\"elementor-widget-container\">\n\t\t\t\t\t<div class=\"elementor-gallery__container\">\n\t\t\t\t\t\t\t<a class=\"e-gallery-item elementor-gallery-item elementor-animated-content\" href=\"http:\/\/botanicnivrt.um.si\/wp-content\/uploads\/2020\/11\/Zandur-Triticum-timopheevii.jpg\" data-elementor-open-lightbox=\"yes\" data-elementor-lightbox-slideshow=\"all-24e2f19c\" data-elementor-lightbox-title=\"Zandur-(Triticum-timopheevii)\">\n\t\t\t\t\t<div class=\"e-gallery-image elementor-gallery-item__image\" data-thumbnail=\"http:\/\/botanicnivrt.um.si\/wp-content\/uploads\/2020\/11\/Zandur-Triticum-timopheevii-300x199.jpg\" data-width=\"300\" data-height=\"199\" alt=\"\" ><\/div>\n\t\t\t\t\t\t\t\t\t\t\t<div class=\"elementor-gallery-item__overlay\"><\/div>\n\t\t\t\t\t\t\t\t\t\t\t\t\t\t<\/a>\n\t\t\t\t\t\t\t<a class=\"e-gallery-item elementor-gallery-item elementor-animated-content\" href=\"http:\/\/botanicnivrt.um.si\/wp-content\/uploads\/2020\/11\/IMG_3146.jpg\" data-elementor-open-lightbox=\"yes\" data-elementor-lightbox-slideshow=\"all-24e2f19c\" data-elementor-lightbox-title=\"IMG_3146\">\n\t\t\t\t\t<div class=\"e-gallery-image elementor-gallery-item__image\" data-thumbnail=\"http:\/\/botanicnivrt.um.si\/wp-content\/uploads\/2020\/11\/IMG_3146-300x200.jpg\" data-width=\"300\" data-height=\"200\" alt=\"\" ><\/div>\n\t\t\t\t\t\t\t\t\t\t\t<div class=\"elementor-gallery-item__overlay\"><\/div>\n\t\t\t\t\t\t\t\t\t\t\t\t\t\t<\/a>\n\t\t\t\t\t\t\t<a class=\"e-gallery-item elementor-gallery-item elementor-animated-content\" href=\"http:\/\/botanicnivrt.um.si\/wp-content\/uploads\/2020\/11\/5.jpg\" data-elementor-open-lightbox=\"yes\" data-elementor-lightbox-slideshow=\"all-24e2f19c\" data-elementor-lightbox-title=\"5\">\n\t\t\t\t\t<div class=\"e-gallery-image elementor-gallery-item__image\" data-thumbnail=\"http:\/\/botanicnivrt.um.si\/wp-content\/uploads\/2020\/11\/5-300x200.jpg\" data-width=\"300\" data-height=\"200\" alt=\"\" ><\/div>\n\t\t\t\t\t\t\t\t\t\t\t<div class=\"elementor-gallery-item__overlay\"><\/div>\n\t\t\t\t\t\t\t\t\t\t\t\t\t\t<\/a>\n\t\t\t\t\t\t\t<a class=\"e-gallery-item elementor-gallery-item elementor-animated-content\" href=\"http:\/\/botanicnivrt.um.si\/wp-content\/uploads\/2020\/11\/DSC_1128.jpg\" data-elementor-open-lightbox=\"yes\" data-elementor-lightbox-slideshow=\"all-24e2f19c\" data-elementor-lightbox-title=\"DSC_1128\">\n\t\t\t\t\t<div class=\"e-gallery-image elementor-gallery-item__image\" data-thumbnail=\"http:\/\/botanicnivrt.um.si\/wp-content\/uploads\/2020\/11\/DSC_1128-300x200.jpg\" data-width=\"300\" data-height=\"200\" alt=\"\" ><\/div>\n\t\t\t\t\t\t\t\t\t\t\t<div class=\"elementor-gallery-item__overlay\"><\/div>\n\t\t\t\t\t\t\t\t\t\t\t\t\t\t<\/a>\n\t\t\t\t\t<\/div>\n\t\t\t<\/div>\n\t\t\t\t<\/div>\n\t\t\t\t\t\t<\/div>\n\t\t\t\t\t<\/div>\n\t\t<\/div>\n\t\t\t\t\t\t\t\t<\/div>\n\t\t\t\t\t<\/div>\n\t\t<\/section>\n\t\t\t\t\t\t<\/div>\n\t\t\t\t\t\t<\/div>\n\t\t\t\t\t<\/div>\n\t\t","protected":false},"excerpt":{"rendered":"<p>Forschung und Projekte Index Seminum Index seminum ist ein Katalog &#8211; ein Verzeichnis des gesammelten, gesicherten Saatguts, das ein botanischer Garten oder eine andere wissenschaftliche Forschungseinrichtung in einer Saatgutbank aufbewahrt. Der Begriff stammt aus dem Lateinischen und bedeutet w\u00f6rtlich \u00fcbersetzt &#8220;Samenliste&#8221;. Die Anf\u00e4nge der systematischen Inventarisierung von Saatgut in botanischen G\u00e4rten gehen auf das Jahr [&hellip;]<\/p>\n","protected":false},"author":3,"featured_media":0,"parent":0,"menu_order":0,"comment_status":"closed","ping_status":"closed","template":"","meta":{"footnotes":""},"class_list":["post-1815","page","type-page","status-publish","hentry"],"_links":{"self":[{"href":"http:\/\/botanicnivrt.um.si\/index.php?rest_route=\/wp\/v2\/pages\/1815","targetHints":{"allow":["GET"]}}],"collection":[{"href":"http:\/\/botanicnivrt.um.si\/index.php?rest_route=\/wp\/v2\/pages"}],"about":[{"href":"http:\/\/botanicnivrt.um.si\/index.php?rest_route=\/wp\/v2\/types\/page"}],"author":[{"embeddable":true,"href":"http:\/\/botanicnivrt.um.si\/index.php?rest_route=\/wp\/v2\/users\/3"}],"replies":[{"embeddable":true,"href":"http:\/\/botanicnivrt.um.si\/index.php?rest_route=%2Fwp%2Fv2%2Fcomments&post=1815"}],"version-history":[{"count":19,"href":"http:\/\/botanicnivrt.um.si\/index.php?rest_route=\/wp\/v2\/pages\/1815\/revisions"}],"predecessor-version":[{"id":2920,"href":"http:\/\/botanicnivrt.um.si\/index.php?rest_route=\/wp\/v2\/pages\/1815\/revisions\/2920"}],"wp:attachment":[{"href":"http:\/\/botanicnivrt.um.si\/index.php?rest_route=%2Fwp%2Fv2%2Fmedia&parent=1815"}],"curies":[{"name":"wp","href":"https:\/\/api.w.org\/{rel}","templated":true}]}}