{"id":360,"date":"2020-11-29T23:21:23","date_gmt":"2020-11-29T22:21:23","guid":{"rendered":"http:\/\/botanicnivrt.um.si\/?page_id=360"},"modified":"2020-11-30T11:24:41","modified_gmt":"2020-11-30T10:24:41","slug":"pravila-obnasanja","status":"publish","type":"page","link":"http:\/\/botanicnivrt.um.si\/?page_id=360","title":{"rendered":"Pravila obna\u0161anja"},"content":{"rendered":"\t\t<div data-elementor-type=\"wp-page\" data-elementor-id=\"360\" class=\"elementor elementor-360\" data-elementor-settings=\"[]\">\n\t\t\t\t\t\t<div class=\"elementor-inner\">\n\t\t\t\t\t\t\t<div class=\"elementor-section-wrap\">\n\t\t\t\t\t\t\t<section class=\"elementor-section elementor-top-section elementor-element elementor-element-c3129e3 elementor-section-boxed elementor-section-height-default elementor-section-height-default\" data-id=\"c3129e3\" data-element_type=\"section\">\n\t\t\t\t\t\t<div class=\"elementor-container elementor-column-gap-default\">\n\t\t\t\t\t\t\t<div class=\"elementor-row\">\n\t\t\t\t\t<div class=\"elementor-column elementor-col-100 elementor-top-column elementor-element elementor-element-4789dbf\" data-id=\"4789dbf\" data-element_type=\"column\">\n\t\t\t<div class=\"elementor-column-wrap elementor-element-populated\">\n\t\t\t\t\t\t\t<div class=\"elementor-widget-wrap\">\n\t\t\t\t\t\t<div class=\"elementor-element elementor-element-7de2a3f elementor-widget elementor-widget-text-editor\" data-id=\"7de2a3f\" data-element_type=\"widget\" data-widget_type=\"text-editor.default\">\n\t\t\t\t<div class=\"elementor-widget-container\">\n\t\t\t\t\t\t\t\t<div class=\"elementor-text-editor elementor-clearfix\">\n\t\t\t\t<p>V botani\u010dnem vrtu vlagamo veliko truda v nego in oskrbo rastlin, zato vse obiskovalce vljudno napro\u0161amo, da upo\u0161tevate naslednja pravila obna\u0161anja.<\/p><h4><br \/>Pravila obna\u0161anja prepovedujejo\u00a0<\/h4><ul><li>po\u0161kodovanje in izkopavanje rastlin,<\/li><li>nabiranje semen in cvetja,<\/li><li>sprehajanje psov,<\/li><li>po\u0161kodovanje in odtujevanje oznak in parkovne opreme,<\/li><li>vo\u017enjo s kolesi in motornimi vozili,<\/li><li>vpitje, povzro\u010danje hrupa in uporabo radijskih sprejemnikov, kasetofonov ipd. brez slu\u0161alk,<\/li><li>plezanje po drevesih in skalnih stenah,<\/li><li>odmetavanje odpadkov,<\/li><li>kurjenje ognja.<\/li><\/ul><h4><br \/>Pisno dovoljenje uprave botani\u010dnega vrta je potrebno za<\/h4><ul><li>nabiranje semen in drugega razmno\u017eevalnega materiala,<\/li><li>fotografiranje in snemanje z namenom javne objave posnetkov.<\/li><\/ul><p><br \/>Upravljavec bo obiskovalce, ki se ne bodo dr\u017eali pravil, napotil iz vrta, brez od\u0161kodnine odvzel pla\u010dano vstopnico in terjal od\u0161kodnino za povzro\u010deno \u0161kodo.<\/p><h4><br \/>Za star\u0161e in spremljevalce<\/h4><p>Star\u0161e napro\u0161amo, da ne pu\u0161\u010dajte majhnih otrok brez nadzora. Za varnost otrok odgovarjajo star\u0161i oz. odrasli spremljevalci. \u0160olske skupine morajo biti ves \u010das pod nadzorom spremljevalcev. Prostor za malico je dovoljen le na za to odrejenih mestih. U\u010denci morajo vse odpadke odnesti s seboj.<\/p><h4>Dru\u017eenja<\/h4><p>\u010ce \u017eelite v botani\u010dnem vrtu praznovati rojstni dan, se sestati z dru\u0161tvom, organizirati zaklju\u010dni izlet, ali kakr\u0161en koli dru\u017eabni dogodek na prostem ali v predavalnici, nas kontaktirajte na botanicni.vrt@um.si ali pokli\u010dite na 031 310 330 ali\u00a0 031 592 162.<\/p><p><strong>\u00a0<\/strong><\/p>\t\t\t\t\t<\/div>\n\t\t\t\t\t\t<\/div>\n\t\t\t\t<\/div>\n\t\t\t\t\t\t<\/div>\n\t\t\t\t\t<\/div>\n\t\t<\/div>\n\t\t\t\t\t\t\t\t<\/div>\n\t\t\t\t\t<\/div>\n\t\t<\/section>\n\t\t\t\t\t\t<\/div>\n\t\t\t\t\t\t<\/div>\n\t\t\t\t\t<\/div>\n\t\t","protected":false},"excerpt":{"rendered":"<p>V botani\u010dnem vrtu vlagamo veliko truda v nego in oskrbo rastlin, zato vse obiskovalce vljudno napro\u0161amo, da upo\u0161tevate naslednja pravila obna\u0161anja. Pravila obna\u0161anja prepovedujejo\u00a0 po\u0161kodovanje in izkopavanje rastlin, nabiranje semen in cvetja, sprehajanje psov, po\u0161kodovanje in odtujevanje oznak in parkovne opreme, vo\u017enjo s kolesi in motornimi vozili, vpitje, povzro\u010danje hrupa in uporabo radijskih sprejemnikov, kasetofonov [&hellip;]<\/p>\n","protected":false},"author":1,"featured_media":0,"parent":0,"menu_order":0,"comment_status":"closed","ping_status":"closed","template":"","meta":{"footnotes":""},"class_list":["post-360","page","type-page","status-publish","hentry"],"_links":{"self":[{"href":"http:\/\/botanicnivrt.um.si\/index.php?rest_route=\/wp\/v2\/pages\/360","targetHints":{"allow":["GET"]}}],"collection":[{"href":"http:\/\/botanicnivrt.um.si\/index.php?rest_route=\/wp\/v2\/pages"}],"about":[{"href":"http:\/\/botanicnivrt.um.si\/index.php?rest_route=\/wp\/v2\/types\/page"}],"author":[{"embeddable":true,"href":"http:\/\/botanicnivrt.um.si\/index.php?rest_route=\/wp\/v2\/users\/1"}],"replies":[{"embeddable":true,"href":"http:\/\/botanicnivrt.um.si\/index.php?rest_route=%2Fwp%2Fv2%2Fcomments&post=360"}],"version-history":[{"count":4,"href":"http:\/\/botanicnivrt.um.si\/index.php?rest_route=\/wp\/v2\/pages\/360\/revisions"}],"predecessor-version":[{"id":686,"href":"http:\/\/botanicnivrt.um.si\/index.php?rest_route=\/wp\/v2\/pages\/360\/revisions\/686"}],"wp:attachment":[{"href":"http:\/\/botanicnivrt.um.si\/index.php?rest_route=%2Fwp%2Fv2%2Fmedia&parent=360"}],"curies":[{"name":"wp","href":"https:\/\/api.w.org\/{rel}","templated":true}]}}