{"id":362,"date":"2020-11-29T23:23:46","date_gmt":"2020-11-29T22:23:46","guid":{"rendered":"http:\/\/botanicnivrt.um.si\/?page_id=362"},"modified":"2025-02-12T09:59:39","modified_gmt":"2025-02-12T08:59:39","slug":"o-arheoloskem-parku","status":"publish","type":"page","link":"http:\/\/botanicnivrt.um.si\/?page_id=362","title":{"rendered":"O arheolo\u0161kem parku"},"content":{"rendered":"\t\t<div data-elementor-type=\"wp-page\" data-elementor-id=\"362\" class=\"elementor elementor-362\" data-elementor-settings=\"[]\">\n\t\t\t\t\t\t<div class=\"elementor-inner\">\n\t\t\t\t\t\t\t<div class=\"elementor-section-wrap\">\n\t\t\t\t\t\t\t<section class=\"elementor-section elementor-top-section elementor-element elementor-element-ffab720 elementor-section-boxed elementor-section-height-default elementor-section-height-default\" data-id=\"ffab720\" data-element_type=\"section\">\n\t\t\t\t\t\t<div class=\"elementor-container elementor-column-gap-default\">\n\t\t\t\t\t\t\t<div class=\"elementor-row\">\n\t\t\t\t\t<div class=\"elementor-column elementor-col-100 elementor-top-column elementor-element elementor-element-dae0d80\" data-id=\"dae0d80\" data-element_type=\"column\">\n\t\t\t<div class=\"elementor-column-wrap elementor-element-populated\">\n\t\t\t\t\t\t\t<div class=\"elementor-widget-wrap\">\n\t\t\t\t\t\t<div class=\"elementor-element elementor-element-730d26a elementor-widget elementor-widget-text-editor\" data-id=\"730d26a\" data-element_type=\"widget\" data-widget_type=\"text-editor.default\">\n\t\t\t\t<div class=\"elementor-widget-container\">\n\t\t\t\t\t\t\t\t<div class=\"elementor-text-editor elementor-clearfix\">\n\t\t\t\t<p><em>Paleokrajina \u0160tajerske in njena biodiverziteta od prazgodovine do odkritja Novega sveta<\/em>\u00a0je \u010dezmejni projekt, ki je v okviru evropske sheme INTERREG V-A SI-AT 2014\u201320 povezal najnovej\u0161a znanstvena odkritja arheologije, arheobotanike in arheozoologije z aktualnimi izzivi na podro\u010dju kmetijstva in turizma avstrijske \u0160tajerske in severovzhodne Slovenije.<\/p><p>Na pilotnem obmo\u010dju Ob\u010dine Ho\u010de &#8211; Slivnica so v sklopu projekta PalaeoDiversiStyria nastale arheolo\u0161ka u\u010dna pot, arheolo\u0161ka razstava v informativnem centru in zbirka uporabnih rastlin ali Paleovrt, ki si jih lahko ogledate v Botani\u010dnem vrtu Univerze v Mariboru.<\/p>\t\t\t\t\t<\/div>\n\t\t\t\t\t\t<\/div>\n\t\t\t\t<\/div>\n\t\t\t\t<div class=\"elementor-element elementor-element-95a327f elementor-widget elementor-widget-heading\" data-id=\"95a327f\" data-element_type=\"widget\" data-widget_type=\"heading.default\">\n\t\t\t\t<div class=\"elementor-widget-container\">\n\t\t\t<h2 class=\"elementor-heading-title elementor-size-default\">Ideja projekta<\/h2>\t\t<\/div>\n\t\t\t\t<\/div>\n\t\t\t\t<div class=\"elementor-element elementor-element-dad1991 elementor-widget elementor-widget-text-editor\" data-id=\"dad1991\" data-element_type=\"widget\" data-widget_type=\"text-editor.default\">\n\t\t\t\t<div class=\"elementor-widget-container\">\n\t\t\t\t\t\t\t\t<div class=\"elementor-text-editor elementor-clearfix\">\n\t\t\t\t<p>Ideja projekta Arheolo\u0161ki park ima svoj izvor v sre\u010dni okoli\u0161\u010dini, da le\u017ei Botani\u010dni vrt na obmo\u010dju, kjer se je pred skoraj 3000 leti razprostiral osrednji del obse\u017enega gomilnega grobi\u0161\u010da iz starej\u0161e \u017eelezne dobe. Ta del je danes z odlokom razgla\u0161en za arheolo\u0161ki spomenik. Na tem mestu so svoje umrle pokopavali prebivalci utrjene naselbine na Po\u0161teli na Pohorju, enega najpomembnej\u0161ih sredi\u0161\u010d iz starej\u0161e \u017eelezne dobe med Alpami in Panonijo. V Botani\u010dnem vrtu je ta arheolo\u0161ka dedi\u0161\u010dina obiskovalcem dostopna\u00a0 prek\u00a0 arheolo\u0161ke razstave &#8216;Kako so \u017eiveli&#8230;&#8217; in arheolo\u0161ke u\u010dne poti, ki poteka med nekdanjimi grobi\u0161\u010di. V gozdnatem obmo\u010dju tik ob dana\u0161nji ju\u017eni meji Botani\u010dnega vrta se je do danes ohranilo ve\u010d kot dvajset grobnih gomil v skoraj nedotaknjenem stanju. S tem se ponuja izjemna prilo\u017enost, da se del krajine, zamrznjen v \u010dasu starej\u0161e \u017eelezne dobe, predstavi \u0161ir\u0161i javnosti. Ponuja se mo\u017enost rekonstrukcije ene izmed gomil, s tem bi lahko \u0161e nazorneje prikazali na\u010din pokopa v takratnem \u010dasu.<\/p><p>Postanek v botani\u010dnem vrtu in ogled raz\u0161irjene stalne arheolo\u0161ke razstave je le ena od postaj na arheolo\u0161ki poti, ki povezuje zgodovinsko pomembne lokacije od Ho\u010d do Radvanja. Arheolo\u0161ki park v Pivoli je tudi ena od to\u010dk, ki povezujejo \u017eeleznodobno pot po Podonavju ali <a href=\"https:\/\/sl.ironagedanuberoute.com\/\">Iron Age Danube Route.<\/a><\/p><p>\u00a0<\/p>\t\t\t\t\t<\/div>\n\t\t\t\t\t\t<\/div>\n\t\t\t\t<\/div>\n\t\t\t\t<div class=\"elementor-element elementor-element-ac26fb6 elementor-widget elementor-widget-image\" data-id=\"ac26fb6\" data-element_type=\"widget\" data-widget_type=\"image.default\">\n\t\t\t\t<div class=\"elementor-widget-container\">\n\t\t\t\t\t\t\t\t<div class=\"elementor-image\">\n\t\t\t\t\t\t\t\t\t\t\t\t<img loading=\"lazy\" decoding=\"async\" width=\"626\" height=\"443\" src=\"http:\/\/botanicnivrt.um.si\/wp-content\/uploads\/2020\/11\/nacrt-parka.jpg\" class=\"attachment-large size-large\" alt=\"\" srcset=\"http:\/\/botanicnivrt.um.si\/wp-content\/uploads\/2020\/11\/nacrt-parka.jpg 626w, http:\/\/botanicnivrt.um.si\/wp-content\/uploads\/2020\/11\/nacrt-parka-300x212.jpg 300w, http:\/\/botanicnivrt.um.si\/wp-content\/uploads\/2020\/11\/nacrt-parka-120x86.jpg 120w\" sizes=\"auto, (max-width: 626px) 100vw, 626px\" data-full-width=\"626\" data-full-height=\"443\" \/>\t\t\t\t\t\t\t\t\t\t\t\t\t\t<\/div>\n\t\t\t\t\t\t<\/div>\n\t\t\t\t<\/div>\n\t\t\t\t\t\t<\/div>\n\t\t\t\t\t<\/div>\n\t\t<\/div>\n\t\t\t\t\t\t\t\t<\/div>\n\t\t\t\t\t<\/div>\n\t\t<\/section>\n\t\t\t\t\t\t<\/div>\n\t\t\t\t\t\t<\/div>\n\t\t\t\t\t<\/div>\n\t\t","protected":false},"excerpt":{"rendered":"<p>Paleokrajina \u0160tajerske in njena biodiverziteta od prazgodovine do odkritja Novega sveta\u00a0je \u010dezmejni projekt, ki je v okviru evropske sheme INTERREG V-A SI-AT 2014\u201320 povezal najnovej\u0161a znanstvena odkritja arheologije, arheobotanike in arheozoologije z aktualnimi izzivi na podro\u010dju kmetijstva in turizma avstrijske \u0160tajerske in severovzhodne Slovenije. Na pilotnem obmo\u010dju Ob\u010dine Ho\u010de &#8211; Slivnica so v sklopu projekta [&hellip;]<\/p>\n","protected":false},"author":1,"featured_media":0,"parent":0,"menu_order":0,"comment_status":"closed","ping_status":"closed","template":"","meta":{"footnotes":""},"class_list":["post-362","page","type-page","status-publish","hentry"],"_links":{"self":[{"href":"http:\/\/botanicnivrt.um.si\/index.php?rest_route=\/wp\/v2\/pages\/362","targetHints":{"allow":["GET"]}}],"collection":[{"href":"http:\/\/botanicnivrt.um.si\/index.php?rest_route=\/wp\/v2\/pages"}],"about":[{"href":"http:\/\/botanicnivrt.um.si\/index.php?rest_route=\/wp\/v2\/types\/page"}],"author":[{"embeddable":true,"href":"http:\/\/botanicnivrt.um.si\/index.php?rest_route=\/wp\/v2\/users\/1"}],"replies":[{"embeddable":true,"href":"http:\/\/botanicnivrt.um.si\/index.php?rest_route=%2Fwp%2Fv2%2Fcomments&post=362"}],"version-history":[{"count":25,"href":"http:\/\/botanicnivrt.um.si\/index.php?rest_route=\/wp\/v2\/pages\/362\/revisions"}],"predecessor-version":[{"id":2787,"href":"http:\/\/botanicnivrt.um.si\/index.php?rest_route=\/wp\/v2\/pages\/362\/revisions\/2787"}],"wp:attachment":[{"href":"http:\/\/botanicnivrt.um.si\/index.php?rest_route=%2Fwp%2Fv2%2Fmedia&parent=362"}],"curies":[{"name":"wp","href":"https:\/\/api.w.org\/{rel}","templated":true}]}}