{"id":370,"date":"2020-11-29T23:26:01","date_gmt":"2020-11-29T22:26:01","guid":{"rendered":"http:\/\/botanicnivrt.um.si\/?page_id=370"},"modified":"2022-02-01T14:17:35","modified_gmt":"2022-02-01T13:17:35","slug":"poroke","status":"publish","type":"page","link":"http:\/\/botanicnivrt.um.si\/?page_id=370","title":{"rendered":"Poroke"},"content":{"rendered":"\t\t<div data-elementor-type=\"wp-page\" data-elementor-id=\"370\" class=\"elementor elementor-370\" data-elementor-settings=\"[]\">\n\t\t\t\t\t\t<div class=\"elementor-inner\">\n\t\t\t\t\t\t\t<div class=\"elementor-section-wrap\">\n\t\t\t\t\t\t\t<section class=\"elementor-section elementor-top-section elementor-element elementor-element-6efadd1 elementor-section-boxed elementor-section-height-default elementor-section-height-default\" data-id=\"6efadd1\" data-element_type=\"section\">\n\t\t\t\t\t\t<div class=\"elementor-container elementor-column-gap-default\">\n\t\t\t\t\t\t\t<div class=\"elementor-row\">\n\t\t\t\t\t<div class=\"elementor-column elementor-col-100 elementor-top-column elementor-element elementor-element-d4e87bf\" data-id=\"d4e87bf\" data-element_type=\"column\">\n\t\t\t<div class=\"elementor-column-wrap elementor-element-populated\">\n\t\t\t\t\t\t\t<div class=\"elementor-widget-wrap\">\n\t\t\t\t\t\t<div class=\"elementor-element elementor-element-bf0cd00 elementor-widget elementor-widget-text-editor\" data-id=\"bf0cd00\" data-element_type=\"widget\" data-widget_type=\"text-editor.default\">\n\t\t\t\t<div class=\"elementor-widget-container\">\n\t\t\t\t\t\t\t\t<div class=\"elementor-text-editor elementor-clearfix\">\n\t\t\t\t<p>Ste povezani z naravo in si \u017eelite obred v vrtu na idili\u010dni lokaciji tik ob vzno\u017eju Pohorja?<\/p><p>Odli\u010dna lokacija za poro\u010dni obred ob vzno\u017eju Pohorja je rozarij v pre\u010dudovitem ambientu botani\u010dnega vrta. Prostor je potrebno rezervirati najmanj dva meseca prej. Najprimernej\u0161i \u010das za poroko v botani\u010dnem vrtu je od konca maja do konca oktobra, ko cvetijo vrtnice. Poleg ponudbe poro\u010dnih paketov lahko izberete tudi\u00a0<a href=\"http:\/\/www.prodaja-pridelkov.si\/ukc\/index.php?option=com_content&amp;view=article&amp;id=80&amp;Itemid=481\">catering Meranovo<\/a>, ki ga odlikujejo vrhunska vina in penina ter gostinska ponudba lokalno pridelane hrane.<\/p><p>Naj bo to sanjska poro\u010dna destinacija za Va\u0161 poro\u010dni dan!<\/p><p>Za pogoje najema prostora za organizacijo poroke pokli\u010dite na 031 310 330 (Meta).<\/p><p>Va\u0161o poroko v Botani\u010dnem vrtu lahko organizira Poro\u010dna agencija Goga. Rezervacije in informacije na telefonski \u0161tevilki: 041 282 353 (Goga).\u00a0<\/p>\t\t\t\t\t<\/div>\n\t\t\t\t\t\t<\/div>\n\t\t\t\t<\/div>\n\t\t\t\t<div class=\"elementor-element elementor-element-cbf2a74 elementor-widget elementor-widget-gallery\" data-id=\"cbf2a74\" data-element_type=\"widget\" data-settings=\"{&quot;aspect_ratio&quot;:&quot;4:3&quot;,&quot;lazyload&quot;:&quot;yes&quot;,&quot;gallery_layout&quot;:&quot;grid&quot;,&quot;columns&quot;:4,&quot;columns_tablet&quot;:2,&quot;columns_mobile&quot;:1,&quot;gap&quot;:{&quot;unit&quot;:&quot;px&quot;,&quot;size&quot;:10,&quot;sizes&quot;:[]},&quot;gap_tablet&quot;:{&quot;unit&quot;:&quot;px&quot;,&quot;size&quot;:10,&quot;sizes&quot;:[]},&quot;gap_mobile&quot;:{&quot;unit&quot;:&quot;px&quot;,&quot;size&quot;:10,&quot;sizes&quot;:[]},&quot;link_to&quot;:&quot;file&quot;,&quot;overlay_background&quot;:&quot;yes&quot;,&quot;content_hover_animation&quot;:&quot;fade-in&quot;}\" data-widget_type=\"gallery.default\">\n\t\t\t\t<div class=\"elementor-widget-container\">\n\t\t\t\t\t<div class=\"elementor-gallery__container\">\n\t\t\t\t\t\t\t<a class=\"e-gallery-item elementor-gallery-item elementor-animated-content\" href=\"http:\/\/botanicnivrt.um.si\/wp-content\/uploads\/2020\/11\/1-1.jpg\" data-elementor-open-lightbox=\"yes\" data-elementor-lightbox-slideshow=\"all-cbf2a74\" data-elementor-lightbox-title=\"1 (1)\">\n\t\t\t\t\t<div class=\"e-gallery-image elementor-gallery-item__image\" data-thumbnail=\"http:\/\/botanicnivrt.um.si\/wp-content\/uploads\/2020\/11\/1-1-300x200.jpg\" data-width=\"300\" data-height=\"200\" alt=\"\" ><\/div>\n\t\t\t\t\t\t\t\t\t\t\t<div class=\"elementor-gallery-item__overlay\"><\/div>\n\t\t\t\t\t\t\t\t\t\t\t\t\t\t<\/a>\n\t\t\t\t\t\t\t<a class=\"e-gallery-item elementor-gallery-item elementor-animated-content\" href=\"http:\/\/botanicnivrt.um.si\/wp-content\/uploads\/2020\/11\/11.jpg\" data-elementor-open-lightbox=\"yes\" data-elementor-lightbox-slideshow=\"all-cbf2a74\" data-elementor-lightbox-title=\"11\">\n\t\t\t\t\t<div class=\"e-gallery-image elementor-gallery-item__image\" data-thumbnail=\"http:\/\/botanicnivrt.um.si\/wp-content\/uploads\/2020\/11\/11-300x200.jpg\" data-width=\"300\" data-height=\"200\" alt=\"\" ><\/div>\n\t\t\t\t\t\t\t\t\t\t\t<div class=\"elementor-gallery-item__overlay\"><\/div>\n\t\t\t\t\t\t\t\t\t\t\t\t\t\t<\/a>\n\t\t\t\t\t\t\t<a class=\"e-gallery-item elementor-gallery-item elementor-animated-content\" href=\"http:\/\/botanicnivrt.um.si\/wp-content\/uploads\/2020\/11\/14.jpg\" data-elementor-open-lightbox=\"yes\" data-elementor-lightbox-slideshow=\"all-cbf2a74\" data-elementor-lightbox-title=\"14\">\n\t\t\t\t\t<div class=\"e-gallery-image elementor-gallery-item__image\" data-thumbnail=\"http:\/\/botanicnivrt.um.si\/wp-content\/uploads\/2020\/11\/14-300x200.jpg\" data-width=\"300\" data-height=\"200\" alt=\"\" ><\/div>\n\t\t\t\t\t\t\t\t\t\t\t<div class=\"elementor-gallery-item__overlay\"><\/div>\n\t\t\t\t\t\t\t\t\t\t\t\t\t\t<\/a>\n\t\t\t\t\t\t\t<a class=\"e-gallery-item elementor-gallery-item elementor-animated-content\" href=\"http:\/\/botanicnivrt.um.si\/wp-content\/uploads\/2020\/11\/15.jpg\" data-elementor-open-lightbox=\"yes\" data-elementor-lightbox-slideshow=\"all-cbf2a74\" data-elementor-lightbox-title=\"15\">\n\t\t\t\t\t<div class=\"e-gallery-image elementor-gallery-item__image\" data-thumbnail=\"http:\/\/botanicnivrt.um.si\/wp-content\/uploads\/2020\/11\/15-300x200.jpg\" data-width=\"300\" data-height=\"200\" alt=\"\" ><\/div>\n\t\t\t\t\t\t\t\t\t\t\t<div class=\"elementor-gallery-item__overlay\"><\/div>\n\t\t\t\t\t\t\t\t\t\t\t\t\t\t<\/a>\n\t\t\t\t\t<\/div>\n\t\t\t<\/div>\n\t\t\t\t<\/div>\n\t\t\t\t\t\t<\/div>\n\t\t\t\t\t<\/div>\n\t\t<\/div>\n\t\t\t\t\t\t\t\t<\/div>\n\t\t\t\t\t<\/div>\n\t\t<\/section>\n\t\t\t\t\t\t<\/div>\n\t\t\t\t\t\t<\/div>\n\t\t\t\t\t<\/div>\n\t\t","protected":false},"excerpt":{"rendered":"<p>Ste povezani z naravo in si \u017eelite obred v vrtu na idili\u010dni lokaciji tik ob vzno\u017eju Pohorja? Odli\u010dna lokacija za poro\u010dni obred ob vzno\u017eju Pohorja je rozarij v pre\u010dudovitem ambientu botani\u010dnega vrta. Prostor je potrebno rezervirati najmanj dva meseca prej. Najprimernej\u0161i \u010das za poroko v botani\u010dnem vrtu je od konca maja do konca oktobra, ko [&hellip;]<\/p>\n","protected":false},"author":1,"featured_media":0,"parent":0,"menu_order":0,"comment_status":"closed","ping_status":"closed","template":"","meta":{"footnotes":""},"class_list":["post-370","page","type-page","status-publish","hentry"],"_links":{"self":[{"href":"http:\/\/botanicnivrt.um.si\/index.php?rest_route=\/wp\/v2\/pages\/370","targetHints":{"allow":["GET"]}}],"collection":[{"href":"http:\/\/botanicnivrt.um.si\/index.php?rest_route=\/wp\/v2\/pages"}],"about":[{"href":"http:\/\/botanicnivrt.um.si\/index.php?rest_route=\/wp\/v2\/types\/page"}],"author":[{"embeddable":true,"href":"http:\/\/botanicnivrt.um.si\/index.php?rest_route=\/wp\/v2\/users\/1"}],"replies":[{"embeddable":true,"href":"http:\/\/botanicnivrt.um.si\/index.php?rest_route=%2Fwp%2Fv2%2Fcomments&post=370"}],"version-history":[{"count":7,"href":"http:\/\/botanicnivrt.um.si\/index.php?rest_route=\/wp\/v2\/pages\/370\/revisions"}],"predecessor-version":[{"id":1713,"href":"http:\/\/botanicnivrt.um.si\/index.php?rest_route=\/wp\/v2\/pages\/370\/revisions\/1713"}],"wp:attachment":[{"href":"http:\/\/botanicnivrt.um.si\/index.php?rest_route=%2Fwp%2Fv2%2Fmedia&parent=370"}],"curies":[{"name":"wp","href":"https:\/\/api.w.org\/{rel}","templated":true}]}}