{"id":492,"date":"2020-11-30T01:34:25","date_gmt":"2020-11-30T00:34:25","guid":{"rendered":"http:\/\/botanicnivrt.um.si\/?page_id=492"},"modified":"2025-03-28T14:15:46","modified_gmt":"2025-03-28T13:15:46","slug":"index-seminum","status":"publish","type":"page","link":"http:\/\/botanicnivrt.um.si\/?page_id=492","title":{"rendered":"Index seminum"},"content":{"rendered":"<p>Index seminum je katalog \u2013 seznam zbranega hranjenega semenskega materiala, ki ga hrani posamezen botani\u010dni vrt ali druga znanstveno- raziskovalna ustanova v semenski banki. Termin prevajamo iz latin\u0161\u010dine, njegov dobesedni prevod pa pomeni \u00bbseznam semen\u00ab.<\/p>\n<p>Za\u010detki sistemati\u010dnih popisov semenskega inventarja v botani\u010dnih vrtovih segajo v leto 1682. Tistega leta je namre\u010d dr. Paul Hermann, zaposlen v Botani\u010dnem vrtu Univerze v Leidnu (Nizozemska) prvi pripravil celoten seznam, katalog rastlinskih vrst, katerih semena je hranil v botani\u010dnem vrtu in so bila predvidena izmenjavi z drugimi in\u0161titucijami, botani\u010dnimi vrtovi.<\/p>\n<p>Index seminum, katerega \u0161tevilni Botani\u010dni vrtovi javno objavljajo na svojih spletnih straneh, omogo\u010da pridobivanje informacij o lokaciji in koli\u010dini \u017eeljenega rastlinskega materiala ter la\u017ejo pridobitev oz. naro\u010danje le-tega.<\/p>\n<p>Index seminum omogo\u010da trajnostno ohranjanje, didakti\u010den prikaz in izmenjavo rastlinskega materiala; to pa je tudi primarna dejavnost botani\u010dnih vrtov.<\/p>\n<p>Samonikle, avtohtone redke in ogro\u017eene rastlinske vrste ter njihov semenski material \u0161\u010ditita dva pomembna sporazuma; Mednarodna konvencija o biolo\u0161ki raznovrstnosti (MKBR) in Konvencija o mednarodni trgovini z ogro\u017eenimi prosto \u017eive\u010dimi \u017eivalskimi in rastlinskimi vrstami (MKTOZR).<\/p>\n<p>Obe konvenciji \u0161\u010ditita divjerasto\u010de populacije redkih in ogro\u017eenih rastlinskih in \u017eivalskih vrst pred prekomernim nabiranjem, puljenjem in nezakonitim odvzemom iz naravnega okolja. Hkrati vzpodbujata obe konvenciji meddr\u017eavno prosto izmenjavo rastlinskega materiala.<\/p>\n<p><strong>Posledi\u010dno je kakr\u0161nokoli prodajanje, trgovanje ali donacija semenskega materiala \u0161ir\u0161i javnosti prepovedana. Semenski material, vpisan v seznam Index Seminum Botani\u010dnega vrta UM je dostopen zgolj drugim botani\u010dnim vrtovom in ostalim znanstvenim ustanovam.<\/strong><\/p>\n<p><a href=\"http:\/\/botanicnivrt.um.si\/wp-content\/uploads\/2021\/03\/INDEX-SEMINUM-2017-18-1.pdf\"><strong>Prenesi Index Seminum 2017-18<\/strong><\/a><\/p>\n<p><a href=\"http:\/\/botanicnivrt.um.si\/wp-content\/uploads\/2021\/03\/INDEX-SEMINUM_2019-_vfin16.12.2020-1.pdf\"><strong>Prenesi Index Seminum 2019<\/strong><\/a><\/p>\n<p><a href=\"http:\/\/botanicnivrt.um.si\/wp-content\/uploads\/2021\/04\/INDEX-SEMINUM-2020_fin-1.pdf\"><strong>Prenesi Index Seminum 2020<\/strong><\/a><\/p>\n<p><a href=\"http:\/\/botanicnivrt.um.si\/wp-content\/uploads\/2022\/05\/INDEX-SEMINUM-2021.pdf\">INDEX SEMINUM 2021<\/a><\/p>\n<p><a href=\"http:\/\/botanicnivrt.um.si\/wp-content\/uploads\/2023\/11\/INDEX-SEMINUM-2022.pdf\">INDEX SEMINUM 2022\/23<\/a><\/p>\n<p><a href=\"http:\/\/botanicnivrt.um.si\/wp-content\/uploads\/2025\/03\/INDEX-SEMINUM-2024_fin.pdf\">INDEX SEMINUM 2024_fin<\/a><\/p>\n","protected":false},"excerpt":{"rendered":"<p>Index seminum je katalog \u2013 seznam zbranega hranjenega semenskega materiala, ki ga hrani posamezen botani\u010dni vrt ali druga znanstveno- raziskovalna ustanova v semenski banki. Termin prevajamo iz latin\u0161\u010dine, njegov dobesedni prevod pa pomeni \u00bbseznam semen\u00ab. Za\u010detki sistemati\u010dnih popisov semenskega inventarja v botani\u010dnih vrtovih segajo v leto 1682. Tistega leta je namre\u010d dr. Paul Hermann, zaposlen [&hellip;]<\/p>\n","protected":false},"author":1,"featured_media":0,"parent":0,"menu_order":0,"comment_status":"closed","ping_status":"closed","template":"","meta":{"footnotes":""},"class_list":["post-492","page","type-page","status-publish","hentry"],"_links":{"self":[{"href":"http:\/\/botanicnivrt.um.si\/index.php?rest_route=\/wp\/v2\/pages\/492","targetHints":{"allow":["GET"]}}],"collection":[{"href":"http:\/\/botanicnivrt.um.si\/index.php?rest_route=\/wp\/v2\/pages"}],"about":[{"href":"http:\/\/botanicnivrt.um.si\/index.php?rest_route=\/wp\/v2\/types\/page"}],"author":[{"embeddable":true,"href":"http:\/\/botanicnivrt.um.si\/index.php?rest_route=\/wp\/v2\/users\/1"}],"replies":[{"embeddable":true,"href":"http:\/\/botanicnivrt.um.si\/index.php?rest_route=%2Fwp%2Fv2%2Fcomments&post=492"}],"version-history":[{"count":11,"href":"http:\/\/botanicnivrt.um.si\/index.php?rest_route=\/wp\/v2\/pages\/492\/revisions"}],"predecessor-version":[{"id":2917,"href":"http:\/\/botanicnivrt.um.si\/index.php?rest_route=\/wp\/v2\/pages\/492\/revisions\/2917"}],"wp:attachment":[{"href":"http:\/\/botanicnivrt.um.si\/index.php?rest_route=%2Fwp%2Fv2%2Fmedia&parent=492"}],"curies":[{"name":"wp","href":"https:\/\/api.w.org\/{rel}","templated":true}]}}